{"id":8,"date":"2018-09-30T17:39:52","date_gmt":"2018-09-30T21:39:52","guid":{"rendered":"http:\/\/www.sycomoremonde.org\/fr\/?page_id=8"},"modified":"2022-05-22T20:26:44","modified_gmt":"2022-05-23T00:26:44","slug":"principal","status":"publish","type":"page","link":"https:\/\/www.sycomoremonde.org\/fr\/","title":{"rendered":"ACCEUIL"},"content":{"rendered":"<section class=\"nine columns\" style=\"font-size: medium;\">M.E.S. est une organisation missionnaire qui collabore avec les \u00e9glises protestantes, \u00e9vang\u00e9liques, pentec\u00f4tistes et autres associations chr\u00e9tiennes. Elle \u0153uvre pour le soutien et l\u2019\u00e9volution de l\u2019\u0153uvre missionnaire en Madagascar, en Afrique , aux USA et dans le monde. M.E.S. est dirig\u00e9e par un bureau compos\u00e9 d\u2019\u00e9vang\u00e9listes, de pasteurs et de missionnaires. Ils sont tous des personnes tr\u00e8s engag\u00e9es qui craignent Dieu et qui ont une grande passion pour les \u00e2mes perdues. M.E.S. est d\u00e9j\u00e0 repr\u00e9sent\u00e9e\u00a0 aux USA, en Madagascar, au Togo, au Gabon et au Congo-RDC. Elle compte dans l\u2019avenir \u00eatre repr\u00e9sent\u00e9e dans les autres pays Africains et dans le monde et plus particulierement dans les pays non atteints, ferm\u00e9s \u00e0 l\u2019\u00e9vangile de J\u00e9sus-Christ et qui souffrent de crises sociopolitiques et \u00e9conomiques. M.E.S. a le fardeau pour les musulmans. M.E.S est bas\u00e9e au Etats Unis d&#8217;Am\u00e9rique.<\/section>\n<section class=\"nine columns\" style=\"font-size: medium;\"><strong><u>Notre Vision<\/u><\/strong><\/section>\n<section class=\"nine columns\" style=\"font-size: medium;\">Notre Vision est d&#8217;atteindre les peuples non atteints pour Jesus Christ en Madagascar et ensuite dans le monde entier , tout comme l&#8217;arbre de Sycomore a aid\u00e9 Zach\u00e9e \u00e0 rencontrer Le Seigneur Jesus Christ pour son salut \u00e9ternel. (luc 19:4-5)<\/section>\n<section class=\"nine columns\" style=\"font-size: medium;\"><strong><u>Notre Mission<\/u><\/strong><\/section>\n<section class=\"nine columns\" style=\"font-size: medium;\">Notre mission est de (1) Annoncer la Bonne Nouvelle,\u00a0 (2) Reveiller le croyant concernant la mission, (3) Equiper ceux qui sont appel\u00e9s dans le ministere, <strong>IISM<\/strong> (4) Envoyer ceux qui sont prets \u00e0 partir. (Jean 4:35 &amp; Matthieu 9:37-38)<\/section>\n<section class=\"nine columns\" style=\"font-size: medium;\"><strong>S.E.M est une organisation a but non lucrative avec 501 (c)(3) enregistr\u00e9e aux USA.<\/strong><\/section>\n<section class=\"nine columns\" style=\"font-size: medium;\"><strong>Vos dons sont deductibles de l&#8217;impot.<\/strong><\/section>\n\n\n<p><\/p>\n","protected":false},"excerpt":{"rendered":"<p>M.E.S. est une organisation missionnaire qui collabore avec les \u00e9glises protestantes, \u00e9vang\u00e9liques, pentec\u00f4tistes et autres associations chr\u00e9tiennes. Elle \u0153uvre pour le soutien et l\u2019\u00e9volution de l\u2019\u0153uvre missionnaire en Madagascar, en Afrique , aux USA et dans le monde. M.E.S. est dirig\u00e9e par un bureau compos\u00e9 d\u2019\u00e9vang\u00e9listes, de pasteurs et de missionnaires. Ils sont tous des&hellip;<\/p>\n","protected":false},"author":1,"featured_media":0,"parent":0,"menu_order":0,"comment_status":"closed","ping_status":"closed","template":"page-templates\/homepage.php","meta":{"footnotes":""},"class_list":["post-8","page","type-page","status-publish","hentry","ctfw-no-image"],"_links":{"self":[{"href":"https:\/\/www.sycomoremonde.org\/fr\/wp-json\/wp\/v2\/pages\/8","targetHints":{"allow":["GET"]}}],"collection":[{"href":"https:\/\/www.sycomoremonde.org\/fr\/wp-json\/wp\/v2\/pages"}],"about":[{"href":"https:\/\/www.sycomoremonde.org\/fr\/wp-json\/wp\/v2\/types\/page"}],"author":[{"embeddable":true,"href":"https:\/\/www.sycomoremonde.org\/fr\/wp-json\/wp\/v2\/users\/1"}],"replies":[{"embeddable":true,"href":"https:\/\/www.sycomoremonde.org\/fr\/wp-json\/wp\/v2\/comments?post=8"}],"version-history":[{"count":22,"href":"https:\/\/www.sycomoremonde.org\/fr\/wp-json\/wp\/v2\/pages\/8\/revisions"}],"predecessor-version":[{"id":511,"href":"https:\/\/www.sycomoremonde.org\/fr\/wp-json\/wp\/v2\/pages\/8\/revisions\/511"}],"wp:attachment":[{"href":"https:\/\/www.sycomoremonde.org\/fr\/wp-json\/wp\/v2\/media?parent=8"}],"curies":[{"name":"wp","href":"https:\/\/api.w.org\/{rel}","templated":true}]}}