{"id":74,"date":"2018-10-01T22:30:58","date_gmt":"2018-10-02T02:30:58","guid":{"rendered":"http:\/\/www.sycomoremonde.org\/fr\/?page_id=74"},"modified":"2023-08-22T23:47:18","modified_gmt":"2023-08-23T03:47:18","slug":"qui-sommes-nous","status":"publish","type":"page","link":"https:\/\/www.sycomoremonde.org\/fr\/qui-sommes-nous\/","title":{"rendered":"Qui sommes-nous"},"content":{"rendered":"\n<figure class=\"wp-block-image size-large\"><img decoding=\"async\" src=\"https:\/\/www.sycomoremonde.org\/wp-content\/uploads\/2020\/09\/About-us3.jpg\" alt=\"\"\/><figcaption class=\"wp-element-caption\">Missionnaires (DR)&nbsp;Victor K. and Eustacia KALEPE<\/figcaption><\/figure>\n\n\n<p><span style=\"color: #000080;\">\u00a0<\/span>Par la grace de Dieu, nous sommes missionnaires depuis 1999 pour Victor et 2004 pour Eustacia. Nous avons travaill\u00e9 en Cote d&#8217;Ivoire, au Togo, au B\u00e9nin et maintenant en Madagascar et au Gabon. Nous sommes bas\u00e9s \u00e0 Atlanta, en Georgie.<\/p>\n<p>L&#8217;appel \u00e0 la mission est un acte d&#8217;ob\u00e9issance par la grace de Dieu. C&#8217;est de permettre au Saint Esprit de vous envoyer dans des lieux afin d&#8217;accomplir le programme de Dieu et de faire le d\u00e9sir de son coeur. Depuis Septembre 2000, Dieu m&#8217;a parl\u00e9 de gagner des ames en Madagascar et de faire des disciples de J\u00e9sus-Christ qui \u00e0 leur tour gagneront d&#8217;autres Malgaches et d&#8217;autres pour Christ.<\/p>\n<div class=\"page-container\">\n<div class=\"main\">\n<div class=\"main-content\">\n<div class=\"column1-unit\">\n<p>En r\u00e9ponse \u00e0 nos pri\u00e8res Dieu nous a ouvert les portes en Aout 2011, ma femme et moi sommes alles en Madagascar pour la premi\u00e8re fois. Puis 2012 d&#8217;Avril \u00e0 Juin je suis all\u00e9 faire la recherche missiologique \u00e0 Mahajanga \u00e0 environ 574 Km de la capitale. Depuis, par la grace de Dieu, nous avons form\u00e9 des ouvriers locaux pour la moisson des ames et avons implant\u00e9 plusieurs eglises \u00e0 Mahajanga. Nous mobilisons \u00e9galement et \u00e9quipons l&#8217;\u00e9glise locale pour qu&#8217;elle se l\u00e8ve et gagne des ames pour le Seigneur J\u00e9sus-Christ. En 2016, nous avons commenc\u00e9 \u00e0 travailler de formation d&#8217;implantation d&#8217;\u00e9glises \u00e0 Ambanja a environ 885 km de la capitale Antananarivo en Madagascar. Dieu a \u00e9galement ouvert les portes pour travailler au Togo , au Gabon et au Congo-RDC.<\/p>\n<div class=\"page-container\">\n<div class=\"main\">\n<div class=\"main-content\">\n<div class=\"column1-unit\">\n<p>Comme l&#8217;oeuvre missionnaire n&#8217;est jamais faite par une seule personne mais en collaboration, notre pri\u00e8re est que vous permettiez \u00e0 Dieu de vous toucher afinque vous puissiez contribuer directement ou indirectement \u00e0 gagner des ames pour le Seigneur J\u00e9sus-Christ en Madagascar, au Togo, au Gabon et au Congo-RDC.<\/p>\n<\/div>\n<\/div>\n<\/div>\n<\/div>\n<p>Dieu nous a \u00e9galement donn\u00e9 le fardeau pour les ames en Amerique pour mobiliser son \u00e9glise pour la moisson du Seigneur aux Etats-Unis et dans le monde.\u00a0 Nous l&#8217;avons fait \u00e0 travers des conf\u00e9rences missionnaires en partenariat avec certaines \u00e9glises et minist\u00e8res aux Etats-Unis. Aussi a travers le mentorat et la formation missionnaire. Et notre pri\u00e8re est que le Seigneur nous donne plus de connexions divines.<\/p>\n<p><iframe loading=\"lazy\" title=\"MISSION EVANGELIQUE LE SYCOMORE\" width=\"500\" height=\"281\" src=\"https:\/\/www.youtube.com\/embed\/p0sXpG5JoHE?feature=oembed&#038;wmode=transparent&#038;rel=0&#038;showinfo=0&#038;color=white&#038;modestbranding=1\" style=\"border: none;\" allow=\"accelerometer; autoplay; clipboard-write; encrypted-media; gyroscope; picture-in-picture; web-share\" referrerpolicy=\"strict-origin-when-cross-origin\" allowfullscreen><\/iframe><\/p>\n<\/div>\n<\/div>\n<\/div>\n<\/div>","protected":false},"excerpt":{"rendered":"<p>\u00a0Par la grace de Dieu, nous sommes missionnaires depuis 1999 pour Victor et 2004 pour Eustacia. Nous avons travaill\u00e9 en Cote d&#8217;Ivoire, au Togo, au B\u00e9nin et maintenant en Madagascar et au Gabon. Nous sommes bas\u00e9s \u00e0 Atlanta, en Georgie. L&#8217;appel \u00e0 la mission est un acte d&#8217;ob\u00e9issance par la grace de Dieu. C&#8217;est de&hellip;<\/p>\n","protected":false},"author":1,"featured_media":0,"parent":0,"menu_order":0,"comment_status":"closed","ping_status":"closed","template":"","meta":{"footnotes":""},"class_list":["post-74","page","type-page","status-publish","hentry","ctfw-no-image"],"_links":{"self":[{"href":"https:\/\/www.sycomoremonde.org\/fr\/wp-json\/wp\/v2\/pages\/74","targetHints":{"allow":["GET"]}}],"collection":[{"href":"https:\/\/www.sycomoremonde.org\/fr\/wp-json\/wp\/v2\/pages"}],"about":[{"href":"https:\/\/www.sycomoremonde.org\/fr\/wp-json\/wp\/v2\/types\/page"}],"author":[{"embeddable":true,"href":"https:\/\/www.sycomoremonde.org\/fr\/wp-json\/wp\/v2\/users\/1"}],"replies":[{"embeddable":true,"href":"https:\/\/www.sycomoremonde.org\/fr\/wp-json\/wp\/v2\/comments?post=74"}],"version-history":[{"count":10,"href":"https:\/\/www.sycomoremonde.org\/fr\/wp-json\/wp\/v2\/pages\/74\/revisions"}],"predecessor-version":[{"id":611,"href":"https:\/\/www.sycomoremonde.org\/fr\/wp-json\/wp\/v2\/pages\/74\/revisions\/611"}],"wp:attachment":[{"href":"https:\/\/www.sycomoremonde.org\/fr\/wp-json\/wp\/v2\/media?parent=74"}],"curies":[{"name":"wp","href":"https:\/\/api.w.org\/{rel}","templated":true}]}}