{"id":671,"date":"2024-02-13T20:02:29","date_gmt":"2024-02-14T01:02:29","guid":{"rendered":"https:\/\/www.sycomoremonde.org\/fr\/?page_id=671"},"modified":"2024-03-08T19:29:24","modified_gmt":"2024-03-09T00:29:24","slug":"nouveaux-convertis","status":"publish","type":"page","link":"https:\/\/www.sycomoremonde.org\/fr\/nouveaux-convertis\/","title":{"rendered":"NOUVEAUX CONVERTIS"},"content":{"rendered":"\n<p>Avez-vous r\u00e9pondu \u00e0 l&#8217;appel du salut au cours de l&#8217;un de nos programmes (exemple : na\u00eetre de nouveau ou d\u00e9dier de nouveau votre vie au Christ) ?<\/p>\n\n\n\n<p>TU ES LE BIENVENU DANS LA FAMILLE DE NOTRE SEIGNEUR J\u00c9SUS CHRIST.<\/p>\n\n\n\n<p>Le salut est l&#8217;exp\u00e9rience la plus importante qui puisse arriver \u00e0 un homme ou une femme sur terre et nous nous joignons au ciel pour nous r\u00e9jouir avec vous.<\/p>\n\n\n\n<p><strong>Votre prochaine \u00e9tape est de devenir un disciple de J\u00e9sus-Christ<\/strong>.<\/p>\n\n\n\n<p>Veuillez remplir le formulaire ci-dessous. Nous aimerions rester en contact avec vous et vous mettre en relation avec une Eglise qui croit en la Bible.<\/p>\n\n\n\n<div class=\"wpcf7 no-js\" id=\"wpcf7-f678-o1\" lang=\"en-US\" dir=\"ltr\" data-wpcf7-id=\"678\">\n<div class=\"screen-reader-response\"><p role=\"status\" aria-live=\"polite\" aria-atomic=\"true\"><\/p> <ul><\/ul><\/div>\n<form action=\"\/fr\/wp-json\/wp\/v2\/pages\/671#wpcf7-f678-o1\" method=\"post\" class=\"wpcf7-form init\" aria-label=\"Contact form\" novalidate=\"novalidate\" data-status=\"init\">\n<fieldset class=\"hidden-fields-container\"><input type=\"hidden\" name=\"_wpcf7\" value=\"678\" \/><input type=\"hidden\" name=\"_wpcf7_version\" value=\"6.1.5\" \/><input type=\"hidden\" name=\"_wpcf7_locale\" value=\"en_US\" \/><input type=\"hidden\" name=\"_wpcf7_unit_tag\" value=\"wpcf7-f678-o1\" \/><input type=\"hidden\" name=\"_wpcf7_container_post\" value=\"0\" \/><input type=\"hidden\" name=\"_wpcf7_posted_data_hash\" value=\"\" \/>\n<\/fieldset>\n<p><label> Pr\u00e9nom*<br \/>\n<span class=\"wpcf7-form-control-wrap\" data-name=\"first-name\"><input size=\"40\" maxlength=\"400\" class=\"wpcf7-form-control wpcf7-text wpcf7-validates-as-required\" autocomplete=\"name\" aria-required=\"true\" aria-invalid=\"false\" value=\"\" type=\"text\" name=\"first-name\" \/><\/span> <\/label>\n<\/p>\n<p><label> Nom de famille*<br \/>\n<span class=\"wpcf7-form-control-wrap\" data-name=\"last-name\"><input size=\"40\" maxlength=\"400\" class=\"wpcf7-form-control wpcf7-text wpcf7-validates-as-required\" autocomplete=\"name\" aria-required=\"true\" aria-invalid=\"false\" value=\"\" type=\"text\" name=\"last-name\" \/><\/span> <\/label>\n<\/p>\n<p><label> Your email*<br \/>\n<span class=\"wpcf7-form-control-wrap\" data-name=\"your-email\"><input size=\"40\" maxlength=\"400\" class=\"wpcf7-form-control wpcf7-email wpcf7-validates-as-required wpcf7-text wpcf7-validates-as-email\" autocomplete=\"email\" aria-required=\"true\" aria-invalid=\"false\" value=\"\" type=\"email\" name=\"your-email\" \/><\/span> <\/label>\n<\/p>\n<p><span class=\"wpcf7-form-control-wrap\" data-name=\"your-gender\"><span class=\"wpcf7-form-control wpcf7-radio\"><span class=\"wpcf7-list-item first\"><label><input type=\"radio\" name=\"your-gender\" value=\"Homme\" checked=\"checked\" \/><span class=\"wpcf7-list-item-label\">Homme<\/span><\/label><\/span><span class=\"wpcf7-list-item last\"><label><input type=\"radio\" name=\"your-gender\" value=\"F\u00e9minin\" \/><span class=\"wpcf7-list-item-label\">F\u00e9minin<\/span><\/label><\/span><\/span><\/span>\n<\/p>\n<p><label> Num\u00e9ro de t\u00e9l\u00e9phone (WhatsApp), veuillez indiquer l'indicatif de votre pays*<br \/>\n<span class=\"wpcf7-form-control-wrap\" data-name=\"tel-293\"><input size=\"40\" maxlength=\"400\" class=\"wpcf7-form-control wpcf7-tel wpcf7-validates-as-required wpcf7-text wpcf7-validates-as-tel\" aria-required=\"true\" aria-invalid=\"false\" value=\"\" type=\"tel\" name=\"tel-293\" \/><\/span> <\/label>\n<\/p>\n<p><label> Pays de r\u00e9sidence*<br \/>\n<span class=\"wpcf7-form-control-wrap\" data-name=\"your-country\"><input size=\"40\" maxlength=\"400\" class=\"wpcf7-form-control wpcf7-text wpcf7-validates-as-required\" autocomplete=\"name\" aria-required=\"true\" aria-invalid=\"false\" value=\"\" type=\"text\" name=\"your-country\" \/><\/span> <\/label>\n<\/p>\n<p> \u00cates-vous un nouveau croyant ou consacrez-vous \u00e0 nouveau votre vie au Christ ? *<br \/>\n<span class=\"wpcf7-form-control-wrap\" data-name=\"new-believer\"><span class=\"wpcf7-form-control wpcf7-radio\"><span class=\"wpcf7-list-item first\"><label><input type=\"radio\" name=\"new-believer\" value=\"Nouveau croyant\" checked=\"checked\" \/><span class=\"wpcf7-list-item-label\">Nouveau croyant<\/span><\/label><\/span><span class=\"wpcf7-list-item last\"><label><input type=\"radio\" name=\"new-believer\" value=\"Je consacre \u00e0 nouveau ma vie au Christ\" \/><span class=\"wpcf7-list-item-label\">Je consacre \u00e0 nouveau ma vie au Christ<\/span><\/label><\/span><\/span><\/span>\n<\/p>\n<p>Voulez-vous recevoir le livre EXPERIENCE D\u2019OR \u00e9crit par Dr Victor KALEPE par Email ? *<br \/>\n<span class=\"wpcf7-form-control-wrap\" data-name=\"book-request\"><span class=\"wpcf7-form-control wpcf7-radio\"><span class=\"wpcf7-list-item first\"><label><input type=\"radio\" name=\"book-request\" value=\"Oui\" checked=\"checked\" \/><span class=\"wpcf7-list-item-label\">Oui<\/span><\/label><\/span><span class=\"wpcf7-list-item last\"><label><input type=\"radio\" name=\"book-request\" value=\"Non\" \/><span class=\"wpcf7-list-item-label\">Non<\/span><\/label><\/span><\/span><\/span>\n<\/p>\n<p><input class=\"wpcf7-form-control wpcf7-submit has-spinner\" type=\"submit\" value=\"Soumettre\" \/>\n<\/p><div class=\"wpcf7-response-output\" aria-hidden=\"true\"><\/div>\n<\/form>\n<\/div>\n\n","protected":false},"excerpt":{"rendered":"<p>Avez-vous r\u00e9pondu \u00e0 l&#8217;appel du salut au cours de l&#8217;un de nos programmes (exemple : na\u00eetre de nouveau ou d\u00e9dier de nouveau votre vie au Christ) ? TU ES LE BIENVENU DANS LA FAMILLE DE NOTRE SEIGNEUR J\u00c9SUS CHRIST. Le salut est l&#8217;exp\u00e9rience la plus importante qui puisse arriver \u00e0 un homme ou une femme&hellip;<\/p>\n","protected":false},"author":1,"featured_media":0,"parent":0,"menu_order":0,"comment_status":"closed","ping_status":"closed","template":"","meta":{"footnotes":""},"class_list":["post-671","page","type-page","status-publish","hentry","ctfw-no-image"],"_links":{"self":[{"href":"https:\/\/www.sycomoremonde.org\/fr\/wp-json\/wp\/v2\/pages\/671","targetHints":{"allow":["GET"]}}],"collection":[{"href":"https:\/\/www.sycomoremonde.org\/fr\/wp-json\/wp\/v2\/pages"}],"about":[{"href":"https:\/\/www.sycomoremonde.org\/fr\/wp-json\/wp\/v2\/types\/page"}],"author":[{"embeddable":true,"href":"https:\/\/www.sycomoremonde.org\/fr\/wp-json\/wp\/v2\/users\/1"}],"replies":[{"embeddable":true,"href":"https:\/\/www.sycomoremonde.org\/fr\/wp-json\/wp\/v2\/comments?post=671"}],"version-history":[{"count":3,"href":"https:\/\/www.sycomoremonde.org\/fr\/wp-json\/wp\/v2\/pages\/671\/revisions"}],"predecessor-version":[{"id":682,"href":"https:\/\/www.sycomoremonde.org\/fr\/wp-json\/wp\/v2\/pages\/671\/revisions\/682"}],"wp:attachment":[{"href":"https:\/\/www.sycomoremonde.org\/fr\/wp-json\/wp\/v2\/media?parent=671"}],"curies":[{"name":"wp","href":"https:\/\/api.w.org\/{rel}","templated":true}]}}