{"id":562,"date":"2022-12-03T18:03:20","date_gmt":"2022-12-03T23:03:20","guid":{"rendered":"https:\/\/www.sycomoremonde.org\/fr\/?page_id=562"},"modified":"2022-12-03T18:27:53","modified_gmt":"2022-12-03T23:27:53","slug":"debora-leve-toi","status":"publish","type":"page","link":"https:\/\/www.sycomoremonde.org\/fr\/debora-leve-toi\/","title":{"rendered":"debora leve &#8211; toi"},"content":{"rendered":"\n<p><strong>Deborah L\u00e8ve-Toi<\/strong> est une branche de Mission Evang\u00e9lique le Sycomore.<\/p>\n\n\n\n<p> Nous sommes les D\u00e9borah qui se l\u00e8vent pourque les Jaels se manifestent selon<\/p>\n\n\n\n<p> Juges 5\u00a0:7 afin que le Royaume de Dieu s\u2019\u00e9tende sur la terre selon la volont\u00e9 de Dieu. <\/p>\n\n\n\n<p><strong>Notre Vision<\/strong> est d\u2019\u00e9quiper les femmes chr\u00e9tiennes comme les Envoy\u00e9es de Dieu, commen\u00e7ant par leurs familles jusqu\u2019aux Nations.<\/p>\n\n\n\n<p>Avec 42% de la population mondiale qui n\u2019ont pas acc\u00e8s a l\u2019Evangile, Dieu nous interpelle en  tant que femmes dans les nations ainsi nous devons mettre ensemble les mains dans la p\u00e2te pour finir la moisson restante afin de h\u00e2ter la venue de notre Seigneur et Epoux de l\u2019Eglise.<\/p>\n\n\n\n<p>Dieu est en train d\u2019appeler nous les femmes \u00e0 nous lever pour \u00eatre<\/p>\n\n\n\n<p>Sa hache de guerre dans nos foyers, nos Communaut\u00e9s, nos \u00c9glises,<\/p>\n\n\n\n<p> nos Regions et dans les Nations selon J\u00e9r\u00e9mie 51\u00a0:20 \u00ab\u00a0Tu es mon marteau, <\/p>\n\n\n\n<p>mes armes de guerre; et par toi je briserai les nations, et par toi je d\u00e9truirai les royaumes ;\u00a0\u00bb<\/p>\n","protected":false},"excerpt":{"rendered":"<p>Deborah L\u00e8ve-Toi est une branche de Mission Evang\u00e9lique le Sycomore. Nous sommes les D\u00e9borah qui se l\u00e8vent pourque les Jaels se manifestent selon Juges 5\u00a0:7 afin que le Royaume de Dieu s\u2019\u00e9tende sur la terre selon la volont\u00e9 de Dieu. Notre Vision est d\u2019\u00e9quiper les femmes chr\u00e9tiennes comme les Envoy\u00e9es de Dieu, commen\u00e7ant par leurs&hellip;<\/p>\n","protected":false},"author":1,"featured_media":0,"parent":0,"menu_order":0,"comment_status":"closed","ping_status":"closed","template":"","meta":{"footnotes":""},"class_list":["post-562","page","type-page","status-publish","hentry","ctfw-no-image"],"_links":{"self":[{"href":"https:\/\/www.sycomoremonde.org\/fr\/wp-json\/wp\/v2\/pages\/562","targetHints":{"allow":["GET"]}}],"collection":[{"href":"https:\/\/www.sycomoremonde.org\/fr\/wp-json\/wp\/v2\/pages"}],"about":[{"href":"https:\/\/www.sycomoremonde.org\/fr\/wp-json\/wp\/v2\/types\/page"}],"author":[{"embeddable":true,"href":"https:\/\/www.sycomoremonde.org\/fr\/wp-json\/wp\/v2\/users\/1"}],"replies":[{"embeddable":true,"href":"https:\/\/www.sycomoremonde.org\/fr\/wp-json\/wp\/v2\/comments?post=562"}],"version-history":[{"count":3,"href":"https:\/\/www.sycomoremonde.org\/fr\/wp-json\/wp\/v2\/pages\/562\/revisions"}],"predecessor-version":[{"id":567,"href":"https:\/\/www.sycomoremonde.org\/fr\/wp-json\/wp\/v2\/pages\/562\/revisions\/567"}],"wp:attachment":[{"href":"https:\/\/www.sycomoremonde.org\/fr\/wp-json\/wp\/v2\/media?parent=562"}],"curies":[{"name":"wp","href":"https:\/\/api.w.org\/{rel}","templated":true}]}}