{"id":40,"date":"2018-09-30T21:27:57","date_gmt":"2018-10-01T01:27:57","guid":{"rendered":"http:\/\/www.sycomoremonde.org\/fr\/?page_id=40"},"modified":"2020-09-03T13:17:06","modified_gmt":"2020-09-03T17:17:06","slug":"priere","status":"publish","type":"page","link":"https:\/\/www.sycomoremonde.org\/fr\/priere\/","title":{"rendered":"SESSION DE PRIERE"},"content":{"rendered":"\n<p>Nous vous invitons \u00e0 nous rejoindre \u00e0 notre ligne de pri\u00e8re chaque samedi \u00e0 l&#8217;exception du dernier samedi de chaque mois pour prier pour le salut des Nations et demander au Seigneur d&#8217;envoyer les ouvriers dans Sa moisson. De 16h \u00e0 16h30 heure de New York.<\/p>\n\n\n\n<p>Par Zoom: Identifiant de R\u00e9union &#8211; 768 8392 9201<\/p>\n\n\n\n<p>Mot de Passe: 3NAy9b<\/p>\n\n\n\n<p>Luc10:2 relate: &#8220;Il leur dit:<strong> La moisson est grande, mais il y a peu d&#8217;ouvriers. Priez donc le ma\u00eetre de la moisson d&#8217;envoyer des ouvriers dans sa moisson<\/strong>.&#8221; <\/p>\n\n\n\n<p>Nous vous encourageons de mettre une alarme sur votre t\u00e9l\u00e9phone pour 10h02 minites du matin ou du soir pour se rappeler d&#8217;interc\u00e9der que Dieu envoie les ouvriers dans sa moisson.           Que Dieu vous b\u00e9nisse.<\/p>\n\n\n\n<p>PRIERE POUR LES NATIONS<\/p>\n\n\n\n<p>Rejoignez nous chaque dernier samedi du mois pour le jeune et pri\u00e8re pour les Nations comme il est \u00e9crit dans Psaume 2:8. De 11h \u00e0 12h heure de New York pour les Anglophones et de 13h \u00e0 14h30 heure de New York pour les Francophones. Par Zoom: Identifiant de R\u00e9union &#8211; 220 344 6121  <\/p>\n","protected":false},"excerpt":{"rendered":"<p>Nous vous invitons \u00e0 nous rejoindre \u00e0 notre ligne de pri\u00e8re chaque samedi \u00e0 l&#8217;exception du dernier samedi de chaque mois pour prier pour le salut des Nations et demander au Seigneur d&#8217;envoyer les ouvriers dans Sa moisson. De 16h \u00e0 16h30 heure de New York. Par Zoom: Identifiant de R\u00e9union &#8211; 768 8392 9201&hellip;<\/p>\n","protected":false},"author":1,"featured_media":0,"parent":0,"menu_order":0,"comment_status":"closed","ping_status":"closed","template":"","meta":{"footnotes":""},"class_list":["post-40","page","type-page","status-publish","hentry","ctfw-no-image"],"_links":{"self":[{"href":"https:\/\/www.sycomoremonde.org\/fr\/wp-json\/wp\/v2\/pages\/40","targetHints":{"allow":["GET"]}}],"collection":[{"href":"https:\/\/www.sycomoremonde.org\/fr\/wp-json\/wp\/v2\/pages"}],"about":[{"href":"https:\/\/www.sycomoremonde.org\/fr\/wp-json\/wp\/v2\/types\/page"}],"author":[{"embeddable":true,"href":"https:\/\/www.sycomoremonde.org\/fr\/wp-json\/wp\/v2\/users\/1"}],"replies":[{"embeddable":true,"href":"https:\/\/www.sycomoremonde.org\/fr\/wp-json\/wp\/v2\/comments?post=40"}],"version-history":[{"count":9,"href":"https:\/\/www.sycomoremonde.org\/fr\/wp-json\/wp\/v2\/pages\/40\/revisions"}],"predecessor-version":[{"id":314,"href":"https:\/\/www.sycomoremonde.org\/fr\/wp-json\/wp\/v2\/pages\/40\/revisions\/314"}],"wp:attachment":[{"href":"https:\/\/www.sycomoremonde.org\/fr\/wp-json\/wp\/v2\/media?parent=40"}],"curies":[{"name":"wp","href":"https:\/\/api.w.org\/{rel}","templated":true}]}}