{"id":33,"date":"2018-09-30T21:19:49","date_gmt":"2018-10-01T01:19:49","guid":{"rendered":"http:\/\/www.sycomoremonde.org\/fr\/?page_id=33"},"modified":"2020-08-05T14:38:07","modified_gmt":"2020-08-05T18:38:07","slug":"dons-aide","status":"publish","type":"page","link":"https:\/\/www.sycomoremonde.org\/fr\/dons-aide\/","title":{"rendered":"Dons &#038; Aide"},"content":{"rendered":"<p>M.E.S. est une mission qui est n\u00e9e par la foi et qui vit par la foi. Elle et ses missionnaires sont soutenus par des chr\u00e9tiens, des organisations chr\u00e9tiennes et des \u00e9glises qui \u00e9pousent la vision et qui partagent le fardeau missionnaire avec elle.<a href=\"https:\/\/www.sycomoremonde.org\/fr\/wp-content\/uploads\/sites\/2\/2018\/10\/donation_hands.jpg\"><img loading=\"lazy\" decoding=\"async\" class=\"aligncenter size-thumbnail wp-image-71\" src=\"https:\/\/www.sycomoremonde.org\/fr\/wp-content\/uploads\/sites\/2\/2018\/10\/donation_hands-150x150.jpg\" alt=\"\" width=\"150\" height=\"150\" srcset=\"https:\/\/www.sycomoremonde.org\/fr\/wp-content\/uploads\/sites\/2\/2018\/10\/donation_hands-150x150.jpg 150w, https:\/\/www.sycomoremonde.org\/fr\/wp-content\/uploads\/sites\/2\/2018\/10\/donation_hands-400x400.jpg 400w, https:\/\/www.sycomoremonde.org\/fr\/wp-content\/uploads\/sites\/2\/2018\/10\/donation_hands-100x100.jpg 100w, https:\/\/www.sycomoremonde.org\/fr\/wp-content\/uploads\/sites\/2\/2018\/10\/donation_hands.jpg 300w\" sizes=\"auto, (max-width: 150px) 100vw, 150px\" \/><\/a><\/p>\n<p>Mission Evang\u00e9lique le Sycomore est une organisation \u00e0 but non lucratif qui accomplit les oeuvres du Seigneur. Faites vos dons en prenant part \u00e0 ce ministere conduit par Dieu aujourd&#8217;hui! Par Cash App &#8211; $Sycomore; Carte de D\u00e9bit\/Cr\u00e9dit ou par Paypal.<\/p>\n<form action=\"https:\/\/www.paypal.com\/cgi-bin\/webscr\" method=\"post\" target=\"_top\"><input name=\"cmd\" type=\"hidden\" value=\"_s-xclick\" \/><br \/>\n<input name=\"hosted_button_id\" type=\"hidden\" value=\"M4YEWTX5YZWEE\" \/><br \/>\n<input alt=\"PayPal - The safer, easier way to pay online!\" name=\"submit\" src=\"https:\/\/www.paypalobjects.com\/en_US\/i\/btn\/btn_donateCC_LG.gif\" type=\"image\" \/><\/form>\n","protected":false},"excerpt":{"rendered":"<p>M.E.S. est une mission qui est n\u00e9e par la foi et qui vit par la foi. Elle et ses missionnaires sont soutenus par des chr\u00e9tiens, des organisations chr\u00e9tiennes et des \u00e9glises qui \u00e9pousent la vision et qui partagent le fardeau missionnaire avec elle. Mission Evang\u00e9lique le Sycomore est une organisation \u00e0 but non lucratif qui&hellip;<\/p>\n","protected":false},"author":1,"featured_media":0,"parent":0,"menu_order":0,"comment_status":"closed","ping_status":"closed","template":"","meta":{"footnotes":""},"class_list":["post-33","page","type-page","status-publish","hentry","ctfw-no-image"],"_links":{"self":[{"href":"https:\/\/www.sycomoremonde.org\/fr\/wp-json\/wp\/v2\/pages\/33","targetHints":{"allow":["GET"]}}],"collection":[{"href":"https:\/\/www.sycomoremonde.org\/fr\/wp-json\/wp\/v2\/pages"}],"about":[{"href":"https:\/\/www.sycomoremonde.org\/fr\/wp-json\/wp\/v2\/types\/page"}],"author":[{"embeddable":true,"href":"https:\/\/www.sycomoremonde.org\/fr\/wp-json\/wp\/v2\/users\/1"}],"replies":[{"embeddable":true,"href":"https:\/\/www.sycomoremonde.org\/fr\/wp-json\/wp\/v2\/comments?post=33"}],"version-history":[{"count":5,"href":"https:\/\/www.sycomoremonde.org\/fr\/wp-json\/wp\/v2\/pages\/33\/revisions"}],"predecessor-version":[{"id":205,"href":"https:\/\/www.sycomoremonde.org\/fr\/wp-json\/wp\/v2\/pages\/33\/revisions\/205"}],"wp:attachment":[{"href":"https:\/\/www.sycomoremonde.org\/fr\/wp-json\/wp\/v2\/media?parent=33"}],"curies":[{"name":"wp","href":"https:\/\/api.w.org\/{rel}","templated":true}]}}