{"id":31,"date":"2018-09-30T21:16:36","date_gmt":"2018-10-01T01:16:36","guid":{"rendered":"http:\/\/www.sycomoremonde.org\/fr\/?page_id=31"},"modified":"2023-09-15T01:37:02","modified_gmt":"2023-09-15T05:37:02","slug":"doctrines","status":"publish","type":"page","link":"https:\/\/www.sycomoremonde.org\/fr\/doctrines\/","title":{"rendered":"doctrines"},"content":{"rendered":"<h1 class=\"pagetitle\">CONFESSION DE FOI<\/h1>\n<ol>\n<li>La Bible est la parole inspir\u00e9e de Dieu. (2 Tim 3:16-17; Proverbes 30:5-6) ; Apocalypse 22:18-19.<\/li>\n<li>\u00a0Un Seul Dieu en trois personnalit\u00e9s : le P\u00e8re, le Fils J\u00e9sus-Christ et le Saint Esprit. Mathieu 3:16-17 ; 2Cor 13:13 ; Matt 28:19-20.<\/li>\n<li>A la naissance de J\u00e9sus-Christ le Fils Unique de Dieu n\u00e9 de la vierge Marie, en sa mort, en sa r\u00e9surrection corporelle et \u00e0 son retour Esa 7:14 ; Matt 1:18-25 ; Rom 1:4, 1Cor 15:3-4.<\/li>\n<li>Que depuis la chute, tous les hommes sont totalement d\u00e9prav\u00e9s, p\u00e9cheurs et coupables, devenus ainsi sujets \u00e0 la col\u00e8re et \u00e0 la condamnation de Dieu. Ps 51:5; Job 14:4; Rom 3:23; 5:12-17; Eph 2:1-3.<\/li>\n<li>le Salut de Dieu s\u2019obtient uniquement par le sacrifice de J\u00e9sus-Christ \u00e0 la croix. Prov 28:13; Esa 55:7; Ez\u00e9 18:21-23; Marc 1:15; Luc 24:46; Act 2:38; 3:19; 20:20-21; 2Cor 7:10; Heb 6:1-3.<\/li>\n<li>La Restitution consiste \u00e0 amender les torts commis \u00e0 l\u2019endroit d\u2019autrui, \u00e0 restituer les choses vol\u00e9es aux propri\u00e9taires, \u00e0 payer les dettes, \u00e0 rendre ce qu\u2019on a fraud\u00e9. G\u00e9n 20:1-8 ; Exo 22:1-7 ; Nomb 5:6-8 ; 2Sam 12:1-6 ; Prov 6:31 ; Eze 33:14-16 ; Matt 5:23-24 ; luc 19:8-9 ; Act 23:1-5 ; 24:16.<\/li>\n<li>La Justification(ou r\u00e9g\u00e9n\u00e9ration) est un acte de la gr\u00e2ce de Dieu par lequel on re\u00e7oit le pardon et la r\u00e9mission des p\u00e9ch\u00e9s et par lequel on consid\u00e8re comme juste aux yeux de Dieu par la foi au sang r\u00e9dempteur de J\u00e9sus-Christ, se pr\u00e9sentant \u00e0 Dieu comme n\u2019ayant jamais p\u00e9ch\u00e9. Ps 32:1-2 ; Esa 1:18 ; Mich 7:19 ; Jn 3:3-8 ; Ac 13:38-39 ; Rom 3:24-30 ; Rom 4:6-16 ; 5:1-2 ; 2Cor 5:17-21 ; Gal 2:16 ; Eph 2:8-9 ; Tit 3:5; 1Pierre 1:23<\/li>\n<li>Le Bapt\u00eame d\u2019eau est essentiel pour exprimer notre ob\u00e9issance apr\u00e8s notre r\u00e9conciliation avec Dieu. Le bapt\u00eame est une immersion \u00ab Au Nom du P\u00e8re, du Fils et du Saint Esprit \u00bb comme J\u00e9sus l\u2019a command\u00e9. Matt 28:19 ; 3:13-17 ; Marc 16:15-16 ; Ac 2:38-39 ; 19:1-6 ; Rom 6:4-5<\/li>\n<li>Le repas du Seigneur a \u00e9t\u00e9 institu\u00e9 par J\u00e9sus-Christ afin que les croyants (tous les membres de la famille de Dieu) y participent r\u00e9guli\u00e8rement pour \u00ab annoncer la mort du Seigneur jusqu\u2019\u00e0 ce qu\u2019Il vienne \u00bb. Matt 26:26; Luc 22:17-20; 1Cor 11:23-30.<\/li>\n<li>Le Bapt\u00eame dans le Saint Esprit est l\u2019envoi de la puissance d\u2019en haut sur le croyant. Matt 3:11 ; Ac 1:8 ; Luc 3:16 ; 24:49 ; Jn 1:30-33 ; Jn7:37-39; 14:16-17, 26; 15:26; 16:12-15; Act 1:5-8; Mar 16:17; Act 2:1-18; 10:44-46; 19:16<\/li>\n<li>L\u2019Evang\u00e9lisation Personnelle est un minist\u00e8re que Dieu a institu\u00e9 et qu\u2019il donne \u00e0 tout croyant. J\u00e9sus-Christ a command\u00e9 et Dieu demande que chaque croyant soit un gagneur d\u2019\u00e2mes plein de compassion et portant des fruits amenant les autres \u00e0 Christ. Matt 28:19-20 ; Mar 16:15 ; Lu 24:46-49 ; Jn 17:18 ; Ac 1:8 ; 8:1-4 ; Ps 126:4-6 ; Prov 11:30 ; Dan 12:3 ; Ez 3:17-21<\/li>\n<li>Le mariage est une union pour la vie. La monogamie est uniform\u00e9ment enseign\u00e9e par la Bible. La polygamie est contraire \u00e0 la volont\u00e9 parfaite et \u00e0 l\u2019institution de Dieu. La Bible d\u00e9fend aux croyants d\u2019\u00e9pouser une non croyante et vice versa Deut 7:1-4 ; 2Cor 6:14-18 ; Prov 31:10-31 ; Mal 2:14-15 ; Rom 7:2-3 ; Phe 5:31,33 ; Matt 5:31-32 ; 19:3-9 ; Mar 10:2-12 ; Lu 16:18 ; Jn 4:15-19 ; Gen 20:3-7.<\/li>\n<\/ol>\n\n\n<p><\/p>\n","protected":false},"excerpt":{"rendered":"<p>CONFESSION DE FOI La Bible est la parole inspir\u00e9e de Dieu. (2 Tim 3:16-17; Proverbes 30:5-6) ; Apocalypse 22:18-19. \u00a0Un Seul Dieu en trois personnalit\u00e9s : le P\u00e8re, le Fils J\u00e9sus-Christ et le Saint Esprit. Mathieu 3:16-17 ; 2Cor 13:13 ; Matt 28:19-20. A la naissance de J\u00e9sus-Christ le Fils Unique de Dieu n\u00e9 de&hellip;<\/p>\n","protected":false},"author":1,"featured_media":0,"parent":0,"menu_order":0,"comment_status":"closed","ping_status":"closed","template":"","meta":{"footnotes":""},"class_list":["post-31","page","type-page","status-publish","hentry","ctfw-no-image"],"_links":{"self":[{"href":"https:\/\/www.sycomoremonde.org\/fr\/wp-json\/wp\/v2\/pages\/31","targetHints":{"allow":["GET"]}}],"collection":[{"href":"https:\/\/www.sycomoremonde.org\/fr\/wp-json\/wp\/v2\/pages"}],"about":[{"href":"https:\/\/www.sycomoremonde.org\/fr\/wp-json\/wp\/v2\/types\/page"}],"author":[{"embeddable":true,"href":"https:\/\/www.sycomoremonde.org\/fr\/wp-json\/wp\/v2\/users\/1"}],"replies":[{"embeddable":true,"href":"https:\/\/www.sycomoremonde.org\/fr\/wp-json\/wp\/v2\/comments?post=31"}],"version-history":[{"count":4,"href":"https:\/\/www.sycomoremonde.org\/fr\/wp-json\/wp\/v2\/pages\/31\/revisions"}],"predecessor-version":[{"id":644,"href":"https:\/\/www.sycomoremonde.org\/fr\/wp-json\/wp\/v2\/pages\/31\/revisions\/644"}],"wp:attachment":[{"href":"https:\/\/www.sycomoremonde.org\/fr\/wp-json\/wp\/v2\/media?parent=31"}],"curies":[{"name":"wp","href":"https:\/\/api.w.org\/{rel}","templated":true}]}}