{"id":282,"date":"2020-08-10T16:37:29","date_gmt":"2020-08-10T20:37:29","guid":{"rendered":"http:\/\/www.sycomoremonde.org\/fr\/?page_id=282"},"modified":"2020-09-14T16:01:48","modified_gmt":"2020-09-14T20:01:48","slug":"enregistrement","status":"publish","type":"page","link":"https:\/\/www.sycomoremonde.org\/fr\/enregistrement\/","title":{"rendered":"ENREGISTREMENT"},"content":{"rendered":"\n<div class=\"wpcf7 no-js\" id=\"wpcf7-f317-o1\" lang=\"en-US\" dir=\"ltr\" data-wpcf7-id=\"317\">\n<div class=\"screen-reader-response\"><p role=\"status\" aria-live=\"polite\" aria-atomic=\"true\"><\/p> <ul><\/ul><\/div>\n<form action=\"\/fr\/wp-json\/wp\/v2\/pages\/282#wpcf7-f317-o1\" method=\"post\" class=\"wpcf7-form init\" aria-label=\"Contact form\" novalidate=\"novalidate\" data-status=\"init\">\n<fieldset class=\"hidden-fields-container\"><input type=\"hidden\" name=\"_wpcf7\" value=\"317\" \/><input type=\"hidden\" name=\"_wpcf7_version\" value=\"6.1.5\" \/><input type=\"hidden\" name=\"_wpcf7_locale\" value=\"en_US\" \/><input type=\"hidden\" name=\"_wpcf7_unit_tag\" value=\"wpcf7-f317-o1\" \/><input type=\"hidden\" name=\"_wpcf7_container_post\" value=\"0\" \/><input type=\"hidden\" name=\"_wpcf7_posted_data_hash\" value=\"\" \/>\n<\/fieldset>\n<h4> Profile de Base\n<\/h4>\n<p><label> Nom (required)<br \/>\n<span class=\"wpcf7-form-control-wrap\" data-name=\"last-name\"><input size=\"40\" maxlength=\"400\" class=\"wpcf7-form-control wpcf7-text wpcf7-validates-as-required\" aria-required=\"true\" aria-invalid=\"false\" value=\"\" type=\"text\" name=\"last-name\" \/><\/span> <\/label>\n<\/p>\n<p><label> Pr\u00e9noms (required)<br \/>\n<span class=\"wpcf7-form-control-wrap\" data-name=\"first-name\"><input size=\"40\" maxlength=\"400\" class=\"wpcf7-form-control wpcf7-text wpcf7-validates-as-required\" aria-required=\"true\" aria-invalid=\"false\" value=\"\" type=\"text\" name=\"first-name\" \/><\/span> <\/label>\n<\/p>\n<p><label> Date de Naissance (required)<br \/>\n<span class=\"wpcf7-form-control-wrap\" data-name=\"your-dob\"><input class=\"wpcf7-form-control wpcf7-date wpcf7-validates-as-required wpcf7-validates-as-date\" aria-required=\"true\" aria-invalid=\"false\" value=\"yyyy-mm-dd\" type=\"date\" name=\"your-dob\" \/><\/span><\/label>\n<\/p>\n<p><label> Situation Matrimoniale (required)<br \/>\n<span class=\"wpcf7-form-control-wrap\" data-name=\"your-status\"><select class=\"wpcf7-form-control wpcf7-select wpcf7-validates-as-required\" aria-required=\"true\" aria-invalid=\"false\" name=\"your-status\"><option value=\"\">&#8212;Please choose an option&#8212;<\/option><option value=\"Marie(e)\">Marie(e)<\/option><option value=\"C\u00e9libataire\">C\u00e9libataire<\/option><option value=\"Divorc\u00e9(e)\">Divorc\u00e9(e)<\/option><option value=\"Veuf\/ Veuve\">Veuf\/ Veuve<\/option><\/select><\/span> <\/label>\n<\/p>\n<p><label> Nom de l\u2019Epoux\/Epouse<br \/>\n<span class=\"wpcf7-form-control-wrap\" data-name=\"spouse-name\"><input size=\"40\" maxlength=\"400\" class=\"wpcf7-form-control wpcf7-text\" aria-invalid=\"false\" value=\"\" type=\"text\" name=\"spouse-name\" \/><\/span> <\/label>\n<\/p>\n<p><label> Adresse Courante (required)<br \/>\n<span class=\"wpcf7-form-control-wrap\" data-name=\"your-address\"><textarea cols=\"40\" rows=\"10\" maxlength=\"2000\" class=\"wpcf7-form-control wpcf7-textarea wpcf7-validates-as-required\" aria-required=\"true\" aria-invalid=\"false\" name=\"your-address\"><\/textarea><\/span> <\/label>\n<\/p>\n<p><label> Meilleur contact t\u00e9l\u00e9phonique (required)<br \/>\n<span class=\"wpcf7-form-control-wrap\" data-name=\"your-phone\"><input size=\"40\" maxlength=\"400\" class=\"wpcf7-form-control wpcf7-tel wpcf7-validates-as-required wpcf7-text wpcf7-validates-as-tel\" aria-required=\"true\" aria-invalid=\"false\" value=\"\" type=\"tel\" name=\"your-phone\" \/><\/span> <\/label>\n<\/p>\n<p><label> Adresse Email (required)<br \/>\n<span class=\"wpcf7-form-control-wrap\" data-name=\"your-email\"><input size=\"40\" maxlength=\"400\" class=\"wpcf7-form-control wpcf7-email wpcf7-validates-as-required wpcf7-text wpcf7-validates-as-email\" aria-required=\"true\" aria-invalid=\"false\" value=\"\" type=\"email\" name=\"your-email\" \/><\/span> <\/label>\n<\/p>\n<h4> Historique\n<\/h4>\n<p><label> Occupation Presente (required)<br \/>\n<span class=\"wpcf7-form-control-wrap\" data-name=\"your-occupation\"><input size=\"40\" maxlength=\"400\" class=\"wpcf7-form-control wpcf7-text wpcf7-validates-as-required\" aria-required=\"true\" aria-invalid=\"false\" value=\"\" type=\"text\" name=\"your-occupation\" \/><\/span> <\/label>\n<\/p>\n<p><label> Niveau d\u2019Etude (required)<br \/>\n<span class=\"wpcf7-form-control-wrap\" data-name=\"your-education\"><select class=\"wpcf7-form-control wpcf7-select wpcf7-validates-as-required\" aria-required=\"true\" aria-invalid=\"false\" name=\"your-education\"><option value=\"\">&#8212;Please choose an option&#8212;<\/option><option value=\"BEPC\">BEPC<\/option><option value=\"BAC\">BAC<\/option><option value=\"LICENCE\">LICENCE<\/option><option value=\"MASTER\">MASTER<\/option><option value=\"DOCTORA\">DOCTORA<\/option><\/select><\/span> <\/label>\n<\/p>\n<h4> INFORMATION SUR LE BAPTEME\n<\/h4>\n<p><label> Quand etes vous baptis\u00e9(e)? (required)<br \/>\n<span class=\"wpcf7-form-control-wrap\" data-name=\"baptism-date\"><input class=\"wpcf7-form-control wpcf7-date wpcf7-validates-as-required wpcf7-validates-as-date\" aria-required=\"true\" aria-invalid=\"false\" value=\"yyyy-mm-dd\" type=\"date\" name=\"baptism-date\" \/><\/span><\/label>\n<\/p>\n<p><label> Qui vous a baptis\u00e9?<br \/>\n<span class=\"wpcf7-form-control-wrap\" data-name=\"baptism-place\"><input size=\"40\" maxlength=\"400\" class=\"wpcf7-form-control wpcf7-text\" aria-invalid=\"false\" value=\"\" type=\"text\" name=\"baptism-place\" \/><\/span> <\/label>\n<\/p>\n<h4> References\n<\/h4>\n<p><label> Nom et adresse de ta Congr\u00e9gation (required)<br \/>\n<span class=\"wpcf7-form-control-wrap\" data-name=\"congregation-name\"><input size=\"40\" maxlength=\"400\" class=\"wpcf7-form-control wpcf7-text wpcf7-validates-as-required\" aria-required=\"true\" aria-invalid=\"false\" value=\"\" type=\"text\" name=\"congregation-name\" \/><\/span><\/label>\n<\/p>\n<p><label> Contat T\u00e9l\u00e9phonique de ta Congr\u00e9gation (required)<br \/>\n<span class=\"wpcf7-form-control-wrap\" data-name=\"congregation-phone\"><input size=\"40\" maxlength=\"400\" class=\"wpcf7-form-control wpcf7-tel wpcf7-validates-as-required wpcf7-text wpcf7-validates-as-tel\" aria-required=\"true\" aria-invalid=\"false\" value=\"\" type=\"tel\" name=\"congregation-phone\" \/><\/span> <\/label>\n<\/p>\n<p><label> Nom et Pr\u00e9noms de ton Pasteur<br \/>\n<span class=\"wpcf7-form-control-wrap\" data-name=\"preacher-name\"><input size=\"40\" maxlength=\"400\" class=\"wpcf7-form-control wpcf7-text\" aria-invalid=\"false\" value=\"\" type=\"text\" name=\"preacher-name\" \/><\/span> <\/label>\n<\/p>\n<h4> R\u00e9f\u00e9rences Personnelles\n<\/h4>\n<p><i>Le candidat doit fournir deux r\u00e9f\u00e9rences de pr\u00e9dicateurs, d'anciens ou de dirigeants d'\u00e9glise qui vous connaissent depuis deux ans<\/i>\n<\/p>\n<p><label> R\u00e9f\u00e9rence #1 Name: (required)<br \/>\n<span class=\"wpcf7-form-control-wrap\" data-name=\"reference1-name\"><input size=\"40\" maxlength=\"400\" class=\"wpcf7-form-control wpcf7-text wpcf7-validates-as-required\" aria-required=\"true\" aria-invalid=\"false\" value=\"\" type=\"text\" name=\"reference1-name\" \/><\/span><\/label><br \/>\n<label> R\u00e9f\u00e9rence #1 Phone Number (required)<br \/>\n<span class=\"wpcf7-form-control-wrap\" data-name=\"reference1-phone\"><input size=\"40\" maxlength=\"400\" class=\"wpcf7-form-control wpcf7-tel wpcf7-validates-as-required wpcf7-text wpcf7-validates-as-tel\" aria-required=\"true\" aria-invalid=\"false\" value=\"\" type=\"tel\" name=\"reference1-phone\" \/><\/span> <\/label><br \/>\n<label> R\u00e9f\u00e9rence #1 Email (required)<br \/>\n<span class=\"wpcf7-form-control-wrap\" data-name=\"reference1-email\"><input size=\"40\" maxlength=\"400\" class=\"wpcf7-form-control wpcf7-email wpcf7-validates-as-required wpcf7-text wpcf7-validates-as-email\" aria-required=\"true\" aria-invalid=\"false\" value=\"\" type=\"email\" name=\"reference1-email\" \/><\/span> <\/label>\n<\/p>\n<p><label> R\u00e9f\u00e9rence #2 Name: (required)<br \/>\n<span class=\"wpcf7-form-control-wrap\" data-name=\"reference2-name\"><input size=\"40\" maxlength=\"400\" class=\"wpcf7-form-control wpcf7-text wpcf7-validates-as-required\" aria-required=\"true\" aria-invalid=\"false\" value=\"\" type=\"text\" name=\"reference2-name\" \/><\/span><\/label><br \/>\n<label> R\u00e9f\u00e9rence #2 Phone Number (required)<br \/>\n<span class=\"wpcf7-form-control-wrap\" data-name=\"reference2-phone\"><input size=\"40\" maxlength=\"400\" class=\"wpcf7-form-control wpcf7-tel wpcf7-validates-as-required wpcf7-text wpcf7-validates-as-tel\" aria-required=\"true\" aria-invalid=\"false\" value=\"\" type=\"tel\" name=\"reference2-phone\" \/><\/span> <\/label><br \/>\n<label> R\u00e9f\u00e9rence #2 Email (required)<br \/>\n<span class=\"wpcf7-form-control-wrap\" data-name=\"reference2-email\"><input size=\"40\" maxlength=\"400\" class=\"wpcf7-form-control wpcf7-email wpcf7-validates-as-required wpcf7-text wpcf7-validates-as-email\" aria-required=\"true\" aria-invalid=\"false\" value=\"\" type=\"email\" name=\"reference2-email\" \/><\/span> <\/label>\n<\/p>\n<p><label> Pourquoi voulez-vous pr\u00eacher l'\u00c9vangile ou pourquoi voulez-vous se faire former a S.M.I.I?<br \/>\n<span class=\"wpcf7-form-control-wrap\" data-name=\"your-motivation\"><textarea cols=\"40\" rows=\"10\" maxlength=\"2000\" class=\"wpcf7-form-control wpcf7-textarea\" aria-invalid=\"false\" name=\"your-motivation\"><\/textarea><\/span> <\/label>\n<\/p>\n<p><input class=\"wpcf7-form-control wpcf7-submit has-spinner\" type=\"submit\" value=\"Soumettre\" \/>\n<\/p><div class=\"wpcf7-response-output\" aria-hidden=\"true\"><\/div>\n<\/form>\n<\/div>\n\n","protected":false},"excerpt":{"rendered":"","protected":false},"author":1,"featured_media":0,"parent":0,"menu_order":0,"comment_status":"closed","ping_status":"closed","template":"","meta":{"footnotes":""},"class_list":["post-282","page","type-page","status-publish","hentry","ctfw-no-image"],"_links":{"self":[{"href":"https:\/\/www.sycomoremonde.org\/fr\/wp-json\/wp\/v2\/pages\/282","targetHints":{"allow":["GET"]}}],"collection":[{"href":"https:\/\/www.sycomoremonde.org\/fr\/wp-json\/wp\/v2\/pages"}],"about":[{"href":"https:\/\/www.sycomoremonde.org\/fr\/wp-json\/wp\/v2\/types\/page"}],"author":[{"embeddable":true,"href":"https:\/\/www.sycomoremonde.org\/fr\/wp-json\/wp\/v2\/users\/1"}],"replies":[{"embeddable":true,"href":"https:\/\/www.sycomoremonde.org\/fr\/wp-json\/wp\/v2\/comments?post=282"}],"version-history":[{"count":2,"href":"https:\/\/www.sycomoremonde.org\/fr\/wp-json\/wp\/v2\/pages\/282\/revisions"}],"predecessor-version":[{"id":320,"href":"https:\/\/www.sycomoremonde.org\/fr\/wp-json\/wp\/v2\/pages\/282\/revisions\/320"}],"wp:attachment":[{"href":"https:\/\/www.sycomoremonde.org\/fr\/wp-json\/wp\/v2\/media?parent=282"}],"curies":[{"name":"wp","href":"https:\/\/api.w.org\/{rel}","templated":true}]}}