{"id":274,"date":"2020-08-10T16:28:29","date_gmt":"2020-08-10T20:28:29","guid":{"rendered":"http:\/\/www.sycomoremonde.org\/fr\/?page_id=274"},"modified":"2020-08-10T16:47:37","modified_gmt":"2020-08-10T20:47:37","slug":"recherche","status":"publish","type":"page","link":"https:\/\/www.sycomoremonde.org\/fr\/recherche\/","title":{"rendered":"RECHERCHE"},"content":{"rendered":"\n<ul class=\"wp-block-list\"><li>L&#8217;\u00e9tat spirituel de Madagascar<\/li><li>L&#8217;\u00e9tat spiritual de Togo<\/li><li>L&#8217;\u00e9tat spiritual de Gabon<\/li><li>L&#8217;\u00e9tat spirituel des USA<\/li><\/ul>\n","protected":false},"excerpt":{"rendered":"<p>L&#8217;\u00e9tat spirituel de Madagascar L&#8217;\u00e9tat spiritual de Togo L&#8217;\u00e9tat spiritual de Gabon L&#8217;\u00e9tat spirituel des USA<\/p>\n","protected":false},"author":1,"featured_media":0,"parent":0,"menu_order":0,"comment_status":"closed","ping_status":"closed","template":"","meta":{"footnotes":""},"class_list":["post-274","page","type-page","status-publish","hentry","ctfw-no-image"],"_links":{"self":[{"href":"https:\/\/www.sycomoremonde.org\/fr\/wp-json\/wp\/v2\/pages\/274","targetHints":{"allow":["GET"]}}],"collection":[{"href":"https:\/\/www.sycomoremonde.org\/fr\/wp-json\/wp\/v2\/pages"}],"about":[{"href":"https:\/\/www.sycomoremonde.org\/fr\/wp-json\/wp\/v2\/types\/page"}],"author":[{"embeddable":true,"href":"https:\/\/www.sycomoremonde.org\/fr\/wp-json\/wp\/v2\/users\/1"}],"replies":[{"embeddable":true,"href":"https:\/\/www.sycomoremonde.org\/fr\/wp-json\/wp\/v2\/comments?post=274"}],"version-history":[{"count":2,"href":"https:\/\/www.sycomoremonde.org\/fr\/wp-json\/wp\/v2\/pages\/274\/revisions"}],"predecessor-version":[{"id":287,"href":"https:\/\/www.sycomoremonde.org\/fr\/wp-json\/wp\/v2\/pages\/274\/revisions\/287"}],"wp:attachment":[{"href":"https:\/\/www.sycomoremonde.org\/fr\/wp-json\/wp\/v2\/media?parent=274"}],"curies":[{"name":"wp","href":"https:\/\/api.w.org\/{rel}","templated":true}]}}