{"id":270,"date":"2020-08-10T16:25:20","date_gmt":"2020-08-10T20:25:20","guid":{"rendered":"http:\/\/www.sycomoremonde.org\/fr\/?page_id=270"},"modified":"2023-09-05T20:22:36","modified_gmt":"2023-09-06T00:22:36","slug":"formation","status":"publish","type":"page","link":"https:\/\/www.sycomoremonde.org\/fr\/formation\/","title":{"rendered":"FORMATION"},"content":{"rendered":"\n<p>Nous offrons une formation en missiologie pratique pour les missionnaires (20 mois) et pour les moissonneurs (5 mois) par Zoom gratuitement en \u00e9quipant les disciples du Seigneur Jesus-Christ pour la moisson des ames. Tous les Vendredis en Anglais \u00e0 partir de 10h heure de New York et tous les Mardis et Samedis en Fran\u00e7ais \u00e0 partir 16h heure GMT. \u00a0\u00a0<\/p>\n\n\n\n<p>Ces personnes mobilis\u00e9es pour la mission sont \u00e9quip\u00e9es dans une \u00e9cole de formation missionnaire afin d\u2019\u00eatre efficace sur le terrain car il faut conna\u00eetre la culture de chaque peuple avant de pouvoir les atteindre<\/p>\n\n\n\n<ul class=\"wp-block-list\">\n<li>Il y a la formation \u00e0 court terme<\/li>\n\n\n\n<li>Il y a la formation \u00e0 long terme<\/li>\n\n\n\n<li>Il y a la formation des disciples dans les \u00e9glises<\/li>\n<\/ul>\n","protected":false},"excerpt":{"rendered":"<p>Nous offrons une formation en missiologie pratique pour les missionnaires (20 mois) et pour les moissonneurs (5 mois) par Zoom gratuitement en \u00e9quipant les disciples du Seigneur Jesus-Christ pour la moisson des ames. Tous les Vendredis en Anglais \u00e0 partir de 10h heure de New York et tous les Mardis et Samedis en Fran\u00e7ais \u00e0&hellip;<\/p>\n","protected":false},"author":1,"featured_media":0,"parent":0,"menu_order":0,"comment_status":"closed","ping_status":"closed","template":"","meta":{"footnotes":""},"class_list":["post-270","page","type-page","status-publish","hentry","ctfw-no-image"],"_links":{"self":[{"href":"https:\/\/www.sycomoremonde.org\/fr\/wp-json\/wp\/v2\/pages\/270","targetHints":{"allow":["GET"]}}],"collection":[{"href":"https:\/\/www.sycomoremonde.org\/fr\/wp-json\/wp\/v2\/pages"}],"about":[{"href":"https:\/\/www.sycomoremonde.org\/fr\/wp-json\/wp\/v2\/types\/page"}],"author":[{"embeddable":true,"href":"https:\/\/www.sycomoremonde.org\/fr\/wp-json\/wp\/v2\/users\/1"}],"replies":[{"embeddable":true,"href":"https:\/\/www.sycomoremonde.org\/fr\/wp-json\/wp\/v2\/comments?post=270"}],"version-history":[{"count":5,"href":"https:\/\/www.sycomoremonde.org\/fr\/wp-json\/wp\/v2\/pages\/270\/revisions"}],"predecessor-version":[{"id":627,"href":"https:\/\/www.sycomoremonde.org\/fr\/wp-json\/wp\/v2\/pages\/270\/revisions\/627"}],"wp:attachment":[{"href":"https:\/\/www.sycomoremonde.org\/fr\/wp-json\/wp\/v2\/media?parent=270"}],"curies":[{"name":"wp","href":"https:\/\/api.w.org\/{rel}","templated":true}]}}