{"id":253,"date":"2020-08-10T16:34:29","date_gmt":"2020-08-10T20:34:29","guid":{"rendered":"http:\/\/www.sycomoremonde.org\/fr\/?page_id=253"},"modified":"2020-08-10T16:45:14","modified_gmt":"2020-08-10T20:45:14","slug":"iims","status":"publish","type":"page","link":"https:\/\/www.sycomoremonde.org\/fr\/iims\/","title":{"rendered":"INSTITUT INTERNATIONAL DE MISSION SYCOMORE (IIMS)"},"content":{"rendered":"\n<p>I.I.M.S s&#8217;engage \u00e0 former et \u00e0 transmettre aux croyants en Christ les verites bibliques de la Parole de Dieu avec le mandat d&#8217;aller faire de TOUTES LES NATIONS des disciples pour notre Seigneur Jesus-Christ. La base de nos cours est la Bible, que nous croyons etre la Parole Vivante de notre Dieu. Notre espoir est de creer et de favoriser le desir d&#8217;une intimite et d&#8217;une dependance plus profondes \u00e0 Dieu. Par la grace de Dieu, nous cherchons \u00e0 aider les chretiens \u00e0 developper les dons spirituels necessaires d&#8217;une maniere efficace par la proclamation et la communication de l&#8217;Evangile \u00e0 toutes les Nations.<\/p>\n","protected":false},"excerpt":{"rendered":"<p>I.I.M.S s&#8217;engage \u00e0 former et \u00e0 transmettre aux croyants en Christ les verites bibliques de la Parole de Dieu avec le mandat d&#8217;aller faire de TOUTES LES NATIONS des disciples pour notre Seigneur Jesus-Christ. La base de nos cours est la Bible, que nous croyons etre la Parole Vivante de notre Dieu. Notre espoir est&hellip;<\/p>\n","protected":false},"author":1,"featured_media":0,"parent":0,"menu_order":0,"comment_status":"closed","ping_status":"closed","template":"","meta":{"footnotes":""},"class_list":["post-253","page","type-page","status-publish","hentry","ctfw-no-image"],"_links":{"self":[{"href":"https:\/\/www.sycomoremonde.org\/fr\/wp-json\/wp\/v2\/pages\/253","targetHints":{"allow":["GET"]}}],"collection":[{"href":"https:\/\/www.sycomoremonde.org\/fr\/wp-json\/wp\/v2\/pages"}],"about":[{"href":"https:\/\/www.sycomoremonde.org\/fr\/wp-json\/wp\/v2\/types\/page"}],"author":[{"embeddable":true,"href":"https:\/\/www.sycomoremonde.org\/fr\/wp-json\/wp\/v2\/users\/1"}],"replies":[{"embeddable":true,"href":"https:\/\/www.sycomoremonde.org\/fr\/wp-json\/wp\/v2\/comments?post=253"}],"version-history":[{"count":3,"href":"https:\/\/www.sycomoremonde.org\/fr\/wp-json\/wp\/v2\/pages\/253\/revisions"}],"predecessor-version":[{"id":286,"href":"https:\/\/www.sycomoremonde.org\/fr\/wp-json\/wp\/v2\/pages\/253\/revisions\/286"}],"wp:attachment":[{"href":"https:\/\/www.sycomoremonde.org\/fr\/wp-json\/wp\/v2\/media?parent=253"}],"curies":[{"name":"wp","href":"https:\/\/api.w.org\/{rel}","templated":true}]}}