{"id":25,"date":"2018-09-30T20:36:10","date_gmt":"2018-10-01T00:36:10","guid":{"rendered":"http:\/\/www.sycomoremonde.org\/fr\/?page_id=25"},"modified":"2023-09-09T19:41:04","modified_gmt":"2023-09-09T23:41:04","slug":"temoignage","status":"publish","type":"page","link":"https:\/\/www.sycomoremonde.org\/fr\/temoignage\/","title":{"rendered":"TEMOIGNAGES"},"content":{"rendered":"<p>Par la gr\u00e2ce de Dieu pendant mon s\u00e9jour de deux mois nous avons form\u00e9 une vingtaine de personnes comme disciples et qui implantent des \u00e9glises dans les villages de la province de Mahajanga. Voici une des photos.<\/p>\n<p><img decoding=\"async\" src=\"https:\/\/www.sycomoremonde.org\/wp-content\/uploads\/2015\/10\/testimony1.jpg\"><\/p>\n\n\n<p>Par la gr\u00e2ce de Dieu, nous avons commenc\u00e9 l&#8217;Ecole Missionnaire avec Mission Sycomore en Fran\u00e7ais par Zoom le 9 juin 2020 et nous avons maintenant environ 14 \u00e9tudiants r\u00e9guliers pour la plupart des pasteurs du RDC, du Gabon, du B\u00e9nin, de Madagascar, de la C\u00f4te d&#8217;Ivoire, du Togo et des USA. Ensuite L&#8217;Ecole de Missionnaire avec Misson Sycomore en Anglais qui a commenc\u00e9 le 15 juin 2020. Nous avons 4 \u00e9tudiants qui ont termin\u00e9 la formation de base en Missiologie (module 1) le 14 septembre 2020 sanctionn\u00e9e par une attestation.<\/p>\n\n\n\n<figure class=\"wp-block-image size-large\"><img loading=\"lazy\" decoding=\"async\" width=\"624\" height=\"416\" src=\"https:\/\/www.sycomoremonde.org\/fr\/wp-content\/uploads\/sites\/2\/2020\/09\/image-2.png\" alt=\"\" class=\"wp-image-354\" srcset=\"https:\/\/www.sycomoremonde.org\/fr\/wp-content\/uploads\/sites\/2\/2020\/09\/image-2.png 624w, https:\/\/www.sycomoremonde.org\/fr\/wp-content\/uploads\/sites\/2\/2020\/09\/image-2-300x200.png 300w\" sizes=\"auto, (max-width: 624px) 100vw, 624px\" \/><\/figure>\n\n\n\n\n\n<p><\/p>\n","protected":false},"excerpt":{"rendered":"<p>Par la gr\u00e2ce de Dieu pendant mon s\u00e9jour de deux mois nous avons form\u00e9 une vingtaine de personnes comme disciples et qui implantent des \u00e9glises dans les villages de la province de Mahajanga. Voici une des photos. Par la gr\u00e2ce de Dieu, nous avons commenc\u00e9 l&#8217;Ecole Missionnaire avec Mission Sycomore en Fran\u00e7ais par Zoom le&hellip;<\/p>\n","protected":false},"author":1,"featured_media":0,"parent":0,"menu_order":0,"comment_status":"closed","ping_status":"closed","template":"","meta":{"footnotes":""},"class_list":["post-25","page","type-page","status-publish","hentry","ctfw-no-image"],"_links":{"self":[{"href":"https:\/\/www.sycomoremonde.org\/fr\/wp-json\/wp\/v2\/pages\/25","targetHints":{"allow":["GET"]}}],"collection":[{"href":"https:\/\/www.sycomoremonde.org\/fr\/wp-json\/wp\/v2\/pages"}],"about":[{"href":"https:\/\/www.sycomoremonde.org\/fr\/wp-json\/wp\/v2\/types\/page"}],"author":[{"embeddable":true,"href":"https:\/\/www.sycomoremonde.org\/fr\/wp-json\/wp\/v2\/users\/1"}],"replies":[{"embeddable":true,"href":"https:\/\/www.sycomoremonde.org\/fr\/wp-json\/wp\/v2\/comments?post=25"}],"version-history":[{"count":7,"href":"https:\/\/www.sycomoremonde.org\/fr\/wp-json\/wp\/v2\/pages\/25\/revisions"}],"predecessor-version":[{"id":614,"href":"https:\/\/www.sycomoremonde.org\/fr\/wp-json\/wp\/v2\/pages\/25\/revisions\/614"}],"wp:attachment":[{"href":"https:\/\/www.sycomoremonde.org\/fr\/wp-json\/wp\/v2\/media?parent=25"}],"curies":[{"name":"wp","href":"https:\/\/api.w.org\/{rel}","templated":true}]}}