{"id":23,"date":"2018-09-30T20:34:05","date_gmt":"2018-10-01T00:34:05","guid":{"rendered":"http:\/\/www.sycomoremonde.org\/fr\/?page_id=23"},"modified":"2020-08-10T17:12:13","modified_gmt":"2020-08-10T21:12:13","slug":"qui-sont-nos-partenaires","status":"publish","type":"page","link":"https:\/\/www.sycomoremonde.org\/fr\/qui-sont-nos-partenaires\/","title":{"rendered":"PARTENARIAT"},"content":{"rendered":"<p>M.E.S. tisse des relations de partenariat avec :<\/p>\n<ul>\n<li>Des \u00e9glises et institutions chr\u00e9tiennes qui ont \u00e0 c\u0153ur l\u2019\u0153uvre missionnaire et qui s\u2019y engagent d\u00e9j\u00e0.<\/li>\n<li>Des institutions et organisations de part le monde qui recherchent de partenaires et interlocuteurs engag\u00e9s et fiables afin de soutenir leurs projets missionnaires ou de collaborer avec ceux-ci<\/li>\n<li>Des personnes ressources voulant investir dans l\u2019\u00e9vang\u00e9lisation et la mission<\/li>\n<\/ul>\n<p>Vous pouvez devenir un partenaire de la mission en nous<span style=\"color: #0000ff;\">\u00a0<a style=\"color: #0000ff;\" href=\"https:\/\/www.sycomoremonde.org\/fr\/contact\/\">contactant<\/a><\/span><\/p>\n<p><strong>COMMENT TRAVAILLER AVEC M.E.S.<\/strong><\/p>\n<ol>\n<li>Si vous ressentez l\u2019appel de Dieu pour la mission en plein temps, vous pouvez nous rejoindre<\/li>\n<li>Vous pouvez prendre part \u00e0 l\u2019un de nos voyages d\u2019exp\u00e9riences missionnaires \u00e0 courte ou longue dur\u00e9e<\/li>\n<li>En tant qu\u2019\u00e9glise ou association, vous pouvez nous inviter pour des enseignements sur la mission et sa n\u00e9cessit\u00e9 afin de cr\u00e9er la conscience missionnaire.<\/li>\n<li>Vous pouvez faire des\u00a0<span style=\"color: #0000ff;\"><a style=\"color: #0000ff;\" href=\"https:\/\/www.sycomoremonde.org\/fr\/dons-aide\/\">dons<\/a><\/span>\u00a0en esp\u00e8ces, en natures (habits, savons, voitures, motos \u2026) pour soutenir la mission<\/li>\n<li>Vous pouvez prier ou organiser des cellules de\u00a0<span style=\"color: #0000ff;\"><a style=\"color: #0000ff;\" href=\"https:\/\/www.sycomoremonde.org\/fr\/soutien\/\">soutien<\/a><\/span>\u00a0dans votre \u00e9glise, association et localit\u00e9 en faveur des nations, des peuples et ethnies non atteints ou ferm\u00e9s \u00e0 l\u2019\u00e9vangile.<\/li>\n<li>Vous pouvez nous\u00a0<span style=\"color: #0000ff;\"><a style=\"color: #0000ff;\" href=\"https:\/\/www.sycomoremonde.org\/fr\/contact\/\">\u00e9crire<\/a><\/span>\u00a0pour nous donner les informations sur des besoins missionnaires urgents ou des r\u00e9v\u00e9lations de Dieu sur la mission.<\/li>\n<\/ol>\n","protected":false},"excerpt":{"rendered":"<p>M.E.S. tisse des relations de partenariat avec : Des \u00e9glises et institutions chr\u00e9tiennes qui ont \u00e0 c\u0153ur l\u2019\u0153uvre missionnaire et qui s\u2019y engagent d\u00e9j\u00e0. Des institutions et organisations de part le monde qui recherchent de partenaires et interlocuteurs engag\u00e9s et fiables afin de soutenir leurs projets missionnaires ou de collaborer avec ceux-ci Des personnes ressources&hellip;<\/p>\n","protected":false},"author":1,"featured_media":0,"parent":0,"menu_order":0,"comment_status":"closed","ping_status":"closed","template":"","meta":{"footnotes":""},"class_list":["post-23","page","type-page","status-publish","hentry","ctfw-no-image"],"_links":{"self":[{"href":"https:\/\/www.sycomoremonde.org\/fr\/wp-json\/wp\/v2\/pages\/23","targetHints":{"allow":["GET"]}}],"collection":[{"href":"https:\/\/www.sycomoremonde.org\/fr\/wp-json\/wp\/v2\/pages"}],"about":[{"href":"https:\/\/www.sycomoremonde.org\/fr\/wp-json\/wp\/v2\/types\/page"}],"author":[{"embeddable":true,"href":"https:\/\/www.sycomoremonde.org\/fr\/wp-json\/wp\/v2\/users\/1"}],"replies":[{"embeddable":true,"href":"https:\/\/www.sycomoremonde.org\/fr\/wp-json\/wp\/v2\/comments?post=23"}],"version-history":[{"count":8,"href":"https:\/\/www.sycomoremonde.org\/fr\/wp-json\/wp\/v2\/pages\/23\/revisions"}],"predecessor-version":[{"id":294,"href":"https:\/\/www.sycomoremonde.org\/fr\/wp-json\/wp\/v2\/pages\/23\/revisions\/294"}],"wp:attachment":[{"href":"https:\/\/www.sycomoremonde.org\/fr\/wp-json\/wp\/v2\/media?parent=23"}],"curies":[{"name":"wp","href":"https:\/\/api.w.org\/{rel}","templated":true}]}}