{"id":227,"date":"2020-08-06T13:57:24","date_gmt":"2020-08-06T17:57:24","guid":{"rendered":"http:\/\/www.sycomoremonde.org\/fr\/?page_id=227"},"modified":"2026-04-25T14:34:28","modified_gmt":"2026-04-25T18:34:28","slug":"evenements-a-venir","status":"publish","type":"page","link":"https:\/\/www.sycomoremonde.org\/fr\/evenements-a-venir\/","title":{"rendered":"EVENEMENTS A VENIR"},"content":{"rendered":"\n<p>Dans le cadre du voyage missionnaire dans les nations organise par M.E.S(Mission Evangelique le Sycomore), nous invitons ceux qui ressentent l&#8217;appel de Dieu dans leur vie comme missionnaire ou ceux qui souhaitent simplement acquerir une experience missionnaire a court ou long terme a contacter M.E.S au:<\/p>\n\n\n\n<p>Tel: +1(909)-648-9971\/ +1(404)-647-1723<\/p>\n\n\n\n<p>Email: Mes@sycomoremonde.org\/ Sycomoreevangelicalmission@gmail.com<\/p>\n\n\n\n<p><strong>PROCHAIN VOYAGE MISSIONNAIRE MAI 2026 <\/strong><b>&#8211; MADAGAS<\/b><strong>CAR<\/strong><strong> <\/strong><\/p>\n\n\n\n<p>Comme la Parole de Dieu l&#8217;a dit dans les Romains 10: 14-15 &#8220;Comment donc invoqueront-ils celui en qui ils n&#8217;ont pas cru? Et comment croiront-ils en celui dont ils n&#8217;ont pas entendu parler? Et comment en entendront-ils parler, s&#8217;il n&#8217;y a personne qui pr\u00eache? Et comment y aura-t-il des pr\u00e9dicateurs, s&#8217;ils ne sont pas envoy\u00e9s? selon qu&#8217;il est \u00e9crit: Qu&#8217;ils sont beaux Les pieds de ceux qui annoncent la paix, De ceux qui annoncent de bonnes nouvelles!&#8221; Que Dieu vous benisse en partant vous meme ou en sponsorisant les autres a partir.<\/p>\n\n\n\n<p><\/p>\n\n\n\n<p><strong>PRIERE POUR LES NATIONS<\/strong>: <strong>30 MAY, 2026<\/strong> de 13h-14h30 Heure de New Nork pour le Fran\u00e7ais. Et de 11h-12h Heure de New York pour l&#8217;Anglais. Rejoignez-nous tous les derniers samedis du mois pour le jeune et priere pour les Nations. Psaumes 2:8, par Zoom: <strong>Code de connexion: -220-344-6121<\/strong>. Que Dieu vous benisse.<\/p>\n\n\n\n<p><strong>SEMINAIRE DES FEMMES ET JEUNES FILLES LE 5 DECEMBRE 2026 A 9H30 &#8211; 12H HEURE<\/strong> <\/p>\n\n\n\n<p><strong>PROGRAMME MENSUEL DES FEMMES- CHAQUE TROISIEME VENDREDI DU MOIS A 19H HEURE GMT ET 20 HEURE DE PARIS<\/strong> <strong>PAR ZOOM<\/strong>&#8211; <strong>Code de connexion: -220-344-6121<\/strong><\/p>\n\n\n\n<p>COMME DEBORAH A DECIDE DE SE LEVER, DIEU EN RETOUR L&#8217;A UTILISE POUR LA DELIVRANCE D&#8217;ISRAEL. AINSI DIEU NOUS APPELLE A SE LEVER NOUS LES FEMMES POUR RECOLTER LA DERNIERE MOISSON DE NOS FOYERS JUSQU&#8217;AUX NATIONS.<\/p>\n\n\n\n<p><\/p>\n\n\n\n<p> Rejoignez-nous par Zoom pour <strong>la formation Missionnaire<\/strong> tous les Mardis et Samedis en Francais de 16h-20h GMT. Que Dieu vous benisse. Et c&#8217;est gratuit pour le moment.<\/p>\n\n\n\n<p><strong>PROCHAINE CONFERENCE MISSIONNAIRE &#8211; EXPLOIT 2026, OCTOBRE 2026 <\/strong>&#8211; <strong>UNE CONFERENCE MISSIONNAIRE<\/strong> <\/p>\n\n\n\n<p>Du Vendredi <strong>30 Octobre 2026<\/strong> et Samedi <strong>31 Octobre<\/strong> <strong>2026<\/strong><\/p>\n\n\n\n<p><\/p>\n","protected":false},"excerpt":{"rendered":"<p>Dans le cadre du voyage missionnaire dans les nations organise par M.E.S(Mission Evangelique le Sycomore), nous invitons ceux qui ressentent l&#8217;appel de Dieu dans leur vie comme missionnaire ou ceux qui souhaitent simplement acquerir une experience missionnaire a court ou long terme a contacter M.E.S au: Tel: +1(909)-648-9971\/ +1(404)-647-1723 Email: Mes@sycomoremonde.org\/ Sycomoreevangelicalmission@gmail.com PROCHAIN VOYAGE MISSIONNAIRE&hellip;<\/p>\n","protected":false},"author":1,"featured_media":0,"parent":0,"menu_order":0,"comment_status":"closed","ping_status":"closed","template":"","meta":{"footnotes":""},"class_list":["post-227","page","type-page","status-publish","hentry","ctfw-no-image"],"_links":{"self":[{"href":"https:\/\/www.sycomoremonde.org\/fr\/wp-json\/wp\/v2\/pages\/227","targetHints":{"allow":["GET"]}}],"collection":[{"href":"https:\/\/www.sycomoremonde.org\/fr\/wp-json\/wp\/v2\/pages"}],"about":[{"href":"https:\/\/www.sycomoremonde.org\/fr\/wp-json\/wp\/v2\/types\/page"}],"author":[{"embeddable":true,"href":"https:\/\/www.sycomoremonde.org\/fr\/wp-json\/wp\/v2\/users\/1"}],"replies":[{"embeddable":true,"href":"https:\/\/www.sycomoremonde.org\/fr\/wp-json\/wp\/v2\/comments?post=227"}],"version-history":[{"count":88,"href":"https:\/\/www.sycomoremonde.org\/fr\/wp-json\/wp\/v2\/pages\/227\/revisions"}],"predecessor-version":[{"id":824,"href":"https:\/\/www.sycomoremonde.org\/fr\/wp-json\/wp\/v2\/pages\/227\/revisions\/824"}],"wp:attachment":[{"href":"https:\/\/www.sycomoremonde.org\/fr\/wp-json\/wp\/v2\/media?parent=227"}],"curies":[{"name":"wp","href":"https:\/\/api.w.org\/{rel}","templated":true}]}}