{"id":21,"date":"2018-09-30T20:28:27","date_gmt":"2018-10-01T00:28:27","guid":{"rendered":"http:\/\/www.sycomoremonde.org\/fr\/?page_id=21"},"modified":"2020-08-05T15:12:46","modified_gmt":"2020-08-05T19:12:46","slug":"soutien-missionnaire","status":"publish","type":"page","link":"https:\/\/www.sycomoremonde.org\/fr\/soutien-missionnaire\/","title":{"rendered":"Nos Missionnaires"},"content":{"rendered":"<p>Nous avons de diff\u00e9rentes cat\u00e9gories de missionnaires qui sont issus de toutes les couches socio-\u00e9conomiques, qui viennent de diff\u00e9rentes \u00e9glises et demeurent toujours membres de ces \u00e9glises. Chaque missionnaire d\u00e9pend de Dieu pour tous ces besoins financiers et mat\u00e9riels.<br \/>Ce qui fait que nous comptons parmi les ouvriers du Seigneur, des \u00e9l\u00e8ves, des \u00e9tudiants, des fonctionnaires d\u2019Etat et priv\u00e9s, des chefs d\u2019entreprises, des pasteurs, des serviteurs et servantes de Dieu. etc.<br \/>Nous distinguons aussi ceux qui sont appel\u00e9s \u00e0 tout abandonner pour servir. M.E.S. reconna\u00eet deux types d\u2019ouvriers<br \/>&#8211; Ouvriers en plein temps<br \/>&#8211; Ouvriers \u00e0 temps partiels<\/p>\n\n\n<p><\/p>\n","protected":false},"excerpt":{"rendered":"<p>Nous avons de diff\u00e9rentes cat\u00e9gories de missionnaires qui sont issus de toutes les couches socio-\u00e9conomiques, qui viennent de diff\u00e9rentes \u00e9glises et demeurent toujours membres de ces \u00e9glises. Chaque missionnaire d\u00e9pend de Dieu pour tous ces besoins financiers et mat\u00e9riels.Ce qui fait que nous comptons parmi les ouvriers du Seigneur, des \u00e9l\u00e8ves, des \u00e9tudiants, des fonctionnaires&hellip;<\/p>\n","protected":false},"author":1,"featured_media":0,"parent":0,"menu_order":0,"comment_status":"closed","ping_status":"closed","template":"","meta":{"footnotes":""},"class_list":["post-21","page","type-page","status-publish","hentry","ctfw-no-image"],"_links":{"self":[{"href":"https:\/\/www.sycomoremonde.org\/fr\/wp-json\/wp\/v2\/pages\/21","targetHints":{"allow":["GET"]}}],"collection":[{"href":"https:\/\/www.sycomoremonde.org\/fr\/wp-json\/wp\/v2\/pages"}],"about":[{"href":"https:\/\/www.sycomoremonde.org\/fr\/wp-json\/wp\/v2\/types\/page"}],"author":[{"embeddable":true,"href":"https:\/\/www.sycomoremonde.org\/fr\/wp-json\/wp\/v2\/users\/1"}],"replies":[{"embeddable":true,"href":"https:\/\/www.sycomoremonde.org\/fr\/wp-json\/wp\/v2\/comments?post=21"}],"version-history":[{"count":5,"href":"https:\/\/www.sycomoremonde.org\/fr\/wp-json\/wp\/v2\/pages\/21\/revisions"}],"predecessor-version":[{"id":209,"href":"https:\/\/www.sycomoremonde.org\/fr\/wp-json\/wp\/v2\/pages\/21\/revisions\/209"}],"wp:attachment":[{"href":"https:\/\/www.sycomoremonde.org\/fr\/wp-json\/wp\/v2\/media?parent=21"}],"curies":[{"name":"wp","href":"https:\/\/api.w.org\/{rel}","templated":true}]}}