{"id":151,"date":"2020-08-04T17:15:16","date_gmt":"2020-08-04T21:15:16","guid":{"rendered":"http:\/\/www.sycomoremonde.org\/fr\/?page_id=151"},"modified":"2020-08-05T15:56:10","modified_gmt":"2020-08-05T19:56:10","slug":"ecole-missionnaire","status":"publish","type":"page","link":"https:\/\/www.sycomoremonde.org\/fr\/ecole-missionnaire\/","title":{"rendered":"ECOLE MISSIONNAIRE"},"content":{"rendered":"\n<h4 class=\"wp-block-heading\"><strong>INSTITUT INTERNATIONAL DE MISSION SYCOMORE<\/strong><\/h4>\n\n\n\n<h4 class=\"wp-block-heading\"><strong>DECLARATION DE MISSION<\/strong><\/h4>\n\n\n\n<p>I.I.M.S s&#8217;engage \u00e0 former et \u00e0 transmettre aux croyants en Christ les verites bibliques de la Parole de Dieu avec le mandat d&#8217;aller faire de TOUTES LES NATIONS des disciples pour notre Seigneur Jesus-Christ. La base de nos cours est la Bible, que nous croyons etre la Parole Vivante de notre Dieu. Notre espoir est de creer et de favoriser le desir d&#8217;une intimite et d&#8217;une dependance plus profondes \u00e0 Dieu. Par la grace de Dieu, nous cherchons \u00e0 aider les chretiens \u00e0 developper les dons spirituels necessaires d&#8217;une maniere efficace par la proclamation et la communication de l&#8217;Evangile \u00e0 toutes les Nations.<\/p>\n","protected":false},"excerpt":{"rendered":"<p>INSTITUT INTERNATIONAL DE MISSION SYCOMORE DECLARATION DE MISSION I.I.M.S s&#8217;engage \u00e0 former et \u00e0 transmettre aux croyants en Christ les verites bibliques de la Parole de Dieu avec le mandat d&#8217;aller faire de TOUTES LES NATIONS des disciples pour notre Seigneur Jesus-Christ. La base de nos cours est la Bible, que nous croyons etre la&hellip;<\/p>\n","protected":false},"author":1,"featured_media":0,"parent":0,"menu_order":0,"comment_status":"closed","ping_status":"closed","template":"","meta":{"footnotes":""},"class_list":["post-151","page","type-page","status-publish","hentry","ctfw-no-image"],"_links":{"self":[{"href":"https:\/\/www.sycomoremonde.org\/fr\/wp-json\/wp\/v2\/pages\/151","targetHints":{"allow":["GET"]}}],"collection":[{"href":"https:\/\/www.sycomoremonde.org\/fr\/wp-json\/wp\/v2\/pages"}],"about":[{"href":"https:\/\/www.sycomoremonde.org\/fr\/wp-json\/wp\/v2\/types\/page"}],"author":[{"embeddable":true,"href":"https:\/\/www.sycomoremonde.org\/fr\/wp-json\/wp\/v2\/users\/1"}],"replies":[{"embeddable":true,"href":"https:\/\/www.sycomoremonde.org\/fr\/wp-json\/wp\/v2\/comments?post=151"}],"version-history":[{"count":5,"href":"https:\/\/www.sycomoremonde.org\/fr\/wp-json\/wp\/v2\/pages\/151\/revisions"}],"predecessor-version":[{"id":215,"href":"https:\/\/www.sycomoremonde.org\/fr\/wp-json\/wp\/v2\/pages\/151\/revisions\/215"}],"wp:attachment":[{"href":"https:\/\/www.sycomoremonde.org\/fr\/wp-json\/wp\/v2\/media?parent=151"}],"curies":[{"name":"wp","href":"https:\/\/api.w.org\/{rel}","templated":true}]}}