{"id":14,"date":"2018-09-30T20:17:53","date_gmt":"2018-10-01T00:17:53","guid":{"rendered":"http:\/\/www.sycomoremonde.org\/fr\/?page_id=14"},"modified":"2020-09-03T13:15:35","modified_gmt":"2020-09-03T17:15:35","slug":"activite","status":"publish","type":"page","link":"https:\/\/www.sycomoremonde.org\/fr\/activite\/","title":{"rendered":"ACTIVITE"},"content":{"rendered":"<h1 class=\"pagetitle\">Implantation d\u2019\u00e9glise<\/h1>\n<p>Ces personnes form\u00e9es sont envoy\u00e9es dans les champs missionnaires selon le besoin et la vision de chaque \u00e9glise ou missionnaire.<\/p>\n<p><strong><u>LES EGLISES IMPLANTEES<\/u><\/strong><br \/>Les \u00e9glises partenaires peuvent solliciter les services de MES pour l\u2019\u00e9vang\u00e9lisation, dans ce cas, les \u00e9glises implant\u00e9es seront sous la responsabilit\u00e9 de l\u2019\u00e9glise partenaire.<br \/>MES travaille avec ces \u00e9glises pour la croissance de ces annexes,<br \/>Les \u00e9glises implant\u00e9s par MES peuvent demeurer sous la supervision des peuples, sont autonomes, ind\u00e9pendantes et se nomment par le nom de la localit\u00e9, ou peuvent \u00eatre confi\u00e9es \u00e0 un de ses partenaires pr\u00e9sents dans la localit\u00e9.<\/p>\n<h1 class=\"pagetitle\">Mobilisation<\/h1>\n<p>Les recherches nous permettent de rentrer dans les \u00e9glises et dans les institutions chr\u00e9tiennes afin de leur montrer la t\u00e2che restante et les stimuler \u00e0 se lever pour gagner les \u00e2mes dans les villes comme dans les villages.<\/p>\n<ul>\n<li>Cela nous permet de lever les yeux des gens pour voir la moisson qui est d\u00e9j\u00e0 pr\u00eate et entrain de se g\u00e2ter<\/li>\n<li>Susciter des ouvriers \u00e0 aller<\/li>\n<li>Susciter les partenaires pour prier<\/li>\n<li>Susciter les partenaires pour soutenir financi\u00e8rement et mat\u00e9riellement<\/li>\n<li>\n<h1 class=\"pagetitle\">Formation<\/h1>\n<div class=\"column1-unit\">\n<p>Nous offrons une formation missionnaire par Zoom gratuitement en \u00e9quipant les disciples de Dieu pour la moisson des ames tous les Lundis en Anglais \u00e0 partir de 18h heure de New York et tous les Mardis et Samedis en Fran\u00e7ais \u00e0 partir 12h heure de New York. Code de Connexion: &#8211; 220-344-6121\u00a0\u00a0<\/p>\n<p>Ces personnes mobilis\u00e9es pour la mission sont \u00e9quip\u00e9es dans une \u00e9cole de formation missionnaire afin d\u2019\u00eatre efficace sur le terrain car il faut conna\u00eetre la culture de chaque peuple avant de pouvoir les atteindre<\/p>\n<ul>\n<li>Il y a la formation \u00e0 court terme<\/li>\n<li>Il y a la formation \u00e0 long terme<\/li>\n<li>Il y a la formation des disciples dans les \u00e9glises<\/li>\n<li>\n<h1 class=\"pagetitle\">Recherche missiologique<\/h1>\n<\/li>\n<li>L&#8217;\u00e9tat spirituel de Madagascar<\/li>\n<li>L&#8217;\u00e9tat spiritual de Togo<\/li>\n<li>L&#8217;\u00e9tat spiritual de Gabon<\/li>\n<li>L&#8217;\u00e9tat spirituel des USA<\/li>\n<\/ul>\n<\/div>\n<\/li>\n<\/ul>\n\n\n<p><\/p>\n","protected":false},"excerpt":{"rendered":"<p>Implantation d\u2019\u00e9glise Ces personnes form\u00e9es sont envoy\u00e9es dans les champs missionnaires selon le besoin et la vision de chaque \u00e9glise ou missionnaire. LES EGLISES IMPLANTEESLes \u00e9glises partenaires peuvent solliciter les services de MES pour l\u2019\u00e9vang\u00e9lisation, dans ce cas, les \u00e9glises implant\u00e9es seront sous la responsabilit\u00e9 de l\u2019\u00e9glise partenaire.MES travaille avec ces \u00e9glises pour la croissance&hellip;<\/p>\n","protected":false},"author":1,"featured_media":0,"parent":0,"menu_order":0,"comment_status":"closed","ping_status":"closed","template":"","meta":{"footnotes":""},"class_list":["post-14","page","type-page","status-publish","hentry","ctfw-no-image"],"_links":{"self":[{"href":"https:\/\/www.sycomoremonde.org\/fr\/wp-json\/wp\/v2\/pages\/14","targetHints":{"allow":["GET"]}}],"collection":[{"href":"https:\/\/www.sycomoremonde.org\/fr\/wp-json\/wp\/v2\/pages"}],"about":[{"href":"https:\/\/www.sycomoremonde.org\/fr\/wp-json\/wp\/v2\/types\/page"}],"author":[{"embeddable":true,"href":"https:\/\/www.sycomoremonde.org\/fr\/wp-json\/wp\/v2\/users\/1"}],"replies":[{"embeddable":true,"href":"https:\/\/www.sycomoremonde.org\/fr\/wp-json\/wp\/v2\/comments?post=14"}],"version-history":[{"count":9,"href":"https:\/\/www.sycomoremonde.org\/fr\/wp-json\/wp\/v2\/pages\/14\/revisions"}],"predecessor-version":[{"id":312,"href":"https:\/\/www.sycomoremonde.org\/fr\/wp-json\/wp\/v2\/pages\/14\/revisions\/312"}],"wp:attachment":[{"href":"https:\/\/www.sycomoremonde.org\/fr\/wp-json\/wp\/v2\/media?parent=14"}],"curies":[{"name":"wp","href":"https:\/\/api.w.org\/{rel}","templated":true}]}}